{"id":1180,"date":"2024-07-02T10:13:11","date_gmt":"2024-07-02T10:13:11","guid":{"rendered":"https:\/\/vizaromania.ro\/?page_id=1180"},"modified":"2024-07-02T10:13:12","modified_gmt":"2024-07-02T10:13:12","slug":"termeni-si-conditii","status":"publish","type":"page","link":"https:\/\/vizaromania.ro\/en\/termeni-si-conditii\/","title":{"rendered":"Termeni \u015fi Condi\u0163ii"},"content":{"rendered":"<p>Despre Viza Romania<\/p>\n\n\n\n<p>Viza Romania este o agentie ce intermediaz\u0103 servicii de obtinere a vizei necesare in Romania pentru angajatii din afara spatiului UE, angajati de diverse firme si companii din Romania. Oferim servicii de consultanta, consiliere, intocmire dosar cu acte necesare obtinerii vizei, traduceri, interpretariat consecutiv, interpretariat simultan, dar si consiliere vis a vis de servicii notariale: apostile, supralegalizari, viza MAE. Venim \u00een ajutorul clien\u021bilor no\u0219tri cu orice informa\u021bii!<\/p>\n\n\n\n<p>Datele noastre de identificare<\/p>\n\n\n\n<p>Denumire: Viza Romania &#8211; este in subordinea Best Smart Consulting SRL, cu sediul social \u00een Strada \u021aepe\u0219 Vod\u0103 130, Sc. A, Et. 2, Ap. C2, 021527, Sector 2, Bucure\u0219ti, CIF RO21040008, Cod IBAN RO39BTRLRONCRT0458034701 deschis la Banca Transilvania, reprezentat\u0103 prin LIGIA NEACSU, av\u00e2nd func\u021bia de Administrator<br>CIF: 21040008<br>Reg. com.: J40\/2585\/2007<br>Adresa: Strada \u021aepe\u0219 Vod\u0103 130, Sc. A, Et. 2, Ap. C2, 021527, Sector 2, Bucure\u0219ti<br>Jude\u021b: Bucure\u0219ti<br>E-mail: contact@vizaromania.ro<br>Telefon: +40 747 284 080<br>\u0218tim ca prelucrarea datelor cu caracter personal este un subiect cat se poate de serios, de aceea, aceast\u0103 procedur\u0103 descrie \u00een detaliu fiecare flux din interiorul organiza\u021biei, \u00een care sunt procesate date cu caracter personal ale clien\u021bilor, partenerilor, poten\u021bialilor clien\u021bi sau ale vizitatorilor platformei.<br>Provocarea cea mai mare este aceea de a securiza aceste date \u00eempotriva prelucr\u0103rilor neautorizate, f\u0103r\u0103 consim\u021b\u0103m\u00e2ntul persoanei vizate si doar \u00een scopurile pentru care s-a ob\u021binut acordul.<\/p>\n\n\n\n<p>Viza Romania, \u00eentreprinde eforturi majore pentru p\u0103strarea \u00een siguran\u021ba a informa\u021biilor \u0219i a preferin\u021belor dumneavoastr\u0103. \u0218tim cat de important este s\u0103 v\u0103 simi\u021bi \u00een siguran\u021ba atunci c\u00e2nd sunte\u021bi in mediul online, de aceea v\u0103 asigur\u0103m de confiden\u021bialitatea datelor, av\u00e2nd \u00een vedere c\u0103 \u00een acest moment v\u0103 afla\u021bi pe o conexiune criptat\u0103 (SSL) prin care, informa\u021biile transmise sunt criptate \u0219i sunt procesate de noi doar cu acordul dumneavoastr\u0103. Re\u021bine\u021bi, oric\u00e2nd \u00een decursul colabor\u0103rii noastre, v\u0103 pute\u021bi exprima op\u021biunea cu privire la procesarea datelor dumneavoastr\u0103 cu caracter personal.<br>Suntem absolut con\u0219tien\u021bi de faptul c\u0103, GDPR, nu face dec\u00e2t sa ofere un cadru legal modernizat, de conformitate, bazat pe responsabilitatea pentru protec\u021bia datelor cu caracter personal.<\/p>\n\n\n\n<p>Procesarea datelor dumneavoastr\u0103 este necesara pentru a v\u0103 furniza serviciile pe care le solicita\u021bi. In acest sens, noi luam mai multe masuri de securitate pentru a v\u0103 proteja in mediul online. Una dintre m\u0103surile \u00eentreprinse de noi pentru a asigura transparen\u021ba \u0219i propor\u021bionalitatea fa\u021b\u0103 de dumneavoastr\u0103 este aceea de a elimina colectarea inutil\u0103 a datelor cu caracter personal \u0219i minimizarea datelor pe care le colect\u0103m. De aceea, solicit\u0103m doar informa\u021biile de care avem nevoie \u0219i le stoc\u0103m pentru \u00eembun\u0103t\u0103\u021birea experien\u021bei dumneavoastr\u0103.<\/p>\n\n\n\n<p>Termeni \u0219i condi\u021bii de utilizare<br>Site-ul https:\/\/vizaromania.ro\/ este proprietatea BEST SMART CONSULTING SRL, denumit\u0103 \u00een continuare BSC.<\/p>\n\n\n\n<p>Accesarea, vizitarea, folosirea sau cump\u0103rarea produselor \/ serviciilor \/ pachetelor prezentate pe site-ul https:\/\/vizaromania.ro acceptarea termenilor \u0219i condi\u021biilor mai jos enumerate.<\/p>\n\n\n\n<p>Viza Romania \u00ee\u0219i rezerv\u0103 dreptul de a refuza colaborarea cu clien\u021bii ce manifest\u0103 comportament \u0219i limbaj neadecvat (agresiv, licen\u021bios etc.) sau care au \u00een istoricul colabor\u0103rii debite.<\/p>\n\n\n\n<p>Viza Romania \u00ee\u0219i rezerv\u0103 dreptul de a nu onora livrarea unor produse sau servicii al c\u0103ror pre\u021b este gre\u0219it \u0219i nu se \u00eencadreaz\u0103 \u00een grila pre\u021burilor companiei. \u00cen acest caz, clientul va fi contactat \u0219i va avea op\u021biunea de a confirma comanda la pre\u021bul corect sau de a o refuza.<br>Viza Romania \u00ee\u0219i rezerv\u0103 dreptul de a face modific\u0103ri \u0219i actualiz\u0103ri ale acestor termeni \u0219i condi\u021bii, precum \u0219i ale ofertei, f\u0103r\u0103 o notificare prealabil\u0103 \u0219i f\u0103r\u0103 precizarea motivelor; de asemenea, Viza Romania \u00ee\u0219i rezerv\u0103 dreptul de a corecta eventuale omisiuni sau erori \u00een afi\u0219are care pot surveni \u00een urma unor gre\u0219eli de dactilografiere, lipsa de acurate\u021be sau erori ale produselor software, f\u0103r\u0103 a anun\u021ba \u00een prealabil. Aceste erori nu oblig\u0103 Viza Romania la nicio ac\u021biune.<\/p>\n\n\n\n<p>Drepturi de autor<br>Con\u021binutul si designul site-ului https:\/\/vizaromania.ro sunt proprietatea BSC \u0219i sunt protejate conform Legii drepturilor de autor \u0219i legilor privind dreptul de proprietate intelectual\u0103 \u0219i industrial\u0103. Nu pute\u021bi reproduce materialele afi\u0219ate pe site f\u0103r\u0103 a de\u021bine o permisiune scris\u0103 din partea BSC. Folosirea f\u0103r\u0103 acordul scris al Viza Romania a oric\u0103ror elemente aflate pe site se pedepse\u0219te conform legilor \u00een vigoare. Datele personale ale cump\u0103r\u0103torilor vor putea fi transmise autorit\u0103\u021bilor \u00een drept \u00een urma unei solicit\u0103ri \u00een conformitate cu legile \u00een vigoare, pentru a efectua orice verificare a tranzac\u021biilor comerciale sau orice alte verific\u0103ri justificate \u00een baza legii.<\/p>\n\n\n\n<p>Viza Romania poate, f\u0103r\u0103 orice alta notificare sau formalitate \u0219i f\u0103r\u0103 ca acest lucru s\u0103 necesite explicarea atitudinii sale, s\u0103 suspende sau s\u0103 \u00eenceteze accesul dumneavoastr\u0103 la con\u021binutul site-ului sau la o parte a acestui con\u021binut.<\/p>\n\n\n\n<p>Viza Romania nu \u00ee\u0219i asum\u0103 r\u0103spunderea, \u00een nici o situa\u021bie, pentru nici o daun\u0103, pricinuit\u0103 direct sau indirect, suferit\u0103 ca urmare a utiliz\u0103rii sau a \u00eentreruperii utiliz\u0103rii ori a lipsei regularit\u0103\u021bii informa\u021biilor \u0219i serviciilor furnizate pe acest site. Viza Romania nu garanteaz\u0103 acurate\u021bea, corectitudinea sau caracterul actual al informa\u021biilor furnizate.<\/p>\n\n\n\n<p>Comenzi \u0219I cereri pentru oferte de pre\u021b<br>Comenzile sau cererile pentru oferta de pre\u021buri pot fi date doar utiliz\u00e2nd formularul de contact de pe acest site. Utilizatorul are obliga\u021bia de a furniza date corecte \u0219i c\u00e2t mai concrete cu privire la proiectul dorit. Viza Romania nu poate fi tras la r\u0103spundere sub nici o forma pentru nepl\u0103ceri cauzate de furnizarea de c\u0103tre utilizator a unor informa\u021bii incorecte sau incomplete.<br>Poate accesa serviciile noastre orice persoan\u0103 fizic\u0103 (de peste 18 ani) sau juridic\u0103 prin accesarea formularului de contact prezent pe site sau a adresei de mail\/num\u0103r de telefon.<\/p>\n\n\n\n<p>Formularul de comand\u0103\/mail-ul\/telefonul transmis c\u0103tre noi nu conduce la plasarea automat\u0103 a unei comenzii \u0219i nici nu ne oblig\u0103 s\u0103 realizam serviciul respectiv pentru dumneavoastr\u0103.<br>Serviciile achizi\u021bionate vor fi puse la dispozi\u021bia clien\u021bilor conform celor agreate \u00een prealabil. De asemenea timpul de execu\u021bie\/costul \u0219i toate detaliile adi\u021bionale serviciilor solicitate vor fi comunicate de Viza Romania \u00een prealabil.<br>Pl\u0103\u021bile serviciilor \u0219I costurile acestora. Facturarea \u0219I plat\u0103<br>Facturile vor fi emise prin intermediul platformei de facturare E-Factura . Factura\/Proforma se va emite conform datelor solicitate \u0219i furnizate de client. Factura va fi transmis\u0103 online, prin E-factura (Factura este valabila f\u0103r\u0103 semn\u0103tura \u0219i stampila, conform art. 319 alin. 29 din legea 227\/2015.), iar la cerere va fi livrat\u0103\/oferit\u0103 \u0219i fizic.<\/p>\n\n\n\n<p>Costurile pot fi actualizate constante \u00een func\u021bie de fluctua\u021biile de pre\u021b, dar \u0219i de campaniile derulate de Viza Romania . Clientul va achita pre\u021bul ofertat \u00een momentul \u00een care a solicitata oferta \u0219i se va raporta la condi\u021biile transmise \u00een acel moment.<br>Costurile serviciilor solicitate vor fi comunicate de Prestator dup\u0103 ce s-a realizat transmiterea cererii din partea Utilizatorului\/Clientului.<br>Plata serviciului solicitat se poate realiza online (cu cardul direct din factura \u2013 f\u0103r\u0103 niciun cost suplimentar), prin transfer bancar (\u00een contul prezent pe factur\u0103). Clientul va avea toate informa\u021biile cu privire la modul de facturare, dar \u0219i detaliile firmei Viza Romania\/ Best Smart consulting pe factura emisa de Prestator.<br>Pl\u0103\u021bile sunt securizate, astfel toate informa\u021biile dumneavoastr\u0103 vor fi \u00een siguran\u021b\u0103. Cardurile acceptate sunt Visa, MasterCard \u0219i nu implic\u0103 costuri suplimentare pentru Client.<br>Polictica de livrare a serviciilor<br>Pentru a se considera o comand\u0103 ferm\u0103, clientul va achita \u00een avans serviciile solicitate conform ofertei de pre\u021b transmise pe mail sau \u00een cazul \u00een care exist\u0103 un contract \u00eencheiat \u00eentre p\u0103r\u021bi se vor respecta condi\u021biile contractuale.<br>Serviciile solicitate vor fi livrare online sau fizic \u00een func\u021bie de solicitarea clientului.<br>Termenul de livrare al serviciilor variaz\u0103 \u00een func\u021bie de serviciul solicitat.<br>Termenul exact de execu\u021bie se va comunica doar \u00een momentul evalu\u0103rii solicit\u0103rii clientului \u0219i va fi stabilit de comun acord.<br>Politica de anulare a serviciilor<br>Comanda transmis\u0103 c\u0103tre Viza Romania utiliz\u00e2nd formularul din site, prin telefon sau pe mail se consider\u0103 a fi anulat\u0103 dac\u0103 nu am primit aprobarea scris\u0103 pentru clien\u021bii ce au un contract \u00eencheiat cu Viza Romania \u00een prealabil sau nu s-a realizat plata \u00een avans integral sau par\u021bial a sumei estimate \u00een ofert\u0103.<br>Modul de solu\u021bionare al litigiilor<br>Solu\u021bionarea litigiilor se poate face pe cale amiabil\u0103 sau prin intermediul instan\u021belor judec\u0103tore\u0219ti competente sau prin intermediul unor mediatori.<\/p>\n\n\n\n<p>Notific\u0103ri \u0219I anun\u021buri<br>Viza Romania \u00ee\u0219i rezerv\u0103 dreptul de a trimite notific\u0103ri \/ oferte privind serviciile oferite precum \u0219i anun\u021buri din partea unor ter\u021bi, atunci c\u00e2nd acestea pot fi \u00een folosul utilizatorilor.<br>Dispozi\u021bii finale<br>To\u021bi utilizatorii acestui site fac subiectul acestor termeni \u0219i condi\u021bii astfel \u00eenc\u00e2t accesarea acestuia presupune acceptarea \u0219i conformarea la Termenii \u0219i Condi\u021biile prev\u0103zute \u00een acest document.<br>Scopul colect\u0103rii datelor este: furnizarea serviciilor conform ofertei curente.<br>Orice persoana are dreptul de a se opune, \u00een mod gratuit \u0219i f\u0103r\u0103 nici o justificare, la prelucr\u0103rile datelor sale personale \u00een scopuri de marketing direct.<br>Conform legisla\u021biei din Rom\u00e2nia minorii nu pot \u00eencheia contracte comerciale \u0219i nici datele lor personale nu sunt prelucrate f\u0103r\u0103 acordul p\u0103rin\u021bilor.<br>Neacceptarea acestei conven\u021bii ori a oric\u0103rei prevederi din aceasta atrage obliga\u021bia persoanei respective de a \u00eenceta de \u00eendat\u0103 accesarea sitului ori utilizarea \u00een orice mod a serviciului, iar accesarea sau vizitarea \u00een continuare a site-ului, utilizarea \u00een orice mod a serviciului constituie o acceptare \u00een \u00eentregime a conven\u021biei \u0219i a oric\u0103rei prevederi din aceasta, inclusiv a oric\u0103ror modific\u0103ri ulterioare care vor putea fi efectuate f\u0103r\u0103 restric\u021bii de c\u0103tre furnizor, f\u0103r\u0103 a fi necesara nici o alt\u0103 formalitate.<\/p>","protected":false},"excerpt":{"rendered":"<p>Despre Viza Romania Viza Romania este o agentie ce intermediaz\u0103 servicii de obtinere a vizei necesare in Romania pentru angajatii din afara spatiului UE, angajati de diverse firme si companii din Romania. Oferim servicii de consultanta, consiliere, intocmire dosar cu acte necesare obtinerii vizei, traduceri, interpretariat consecutiv, interpretariat simultan, dar si consiliere vis a vis&#8230;<\/p>","protected":false},"author":1,"featured_media":0,"parent":0,"menu_order":0,"comment_status":"closed","ping_status":"closed","template":"","meta":{"_kad_blocks_custom_css":"","_kad_blocks_head_custom_js":"","_kad_blocks_body_custom_js":"","_kad_blocks_footer_custom_js":"","_kadence_starter_templates_imported_post":false,"_kad_post_transparent":"","_kad_post_title":"","_kad_post_layout":"","_kad_post_sidebar_id":"","_kad_post_content_style":"","_kad_post_vertical_padding":"","_kad_post_feature":"","_kad_post_feature_position":"","_kad_post_header":false,"_kad_post_footer":false,"footnotes":""},"taxonomy_info":[],"featured_image_src_large":false,"author_info":{"display_name":"vizaromania","author_link":"https:\/\/vizaromania.ro\/en\/author\/vizaromania\/"},"comment_info":"","_links":{"self":[{"href":"https:\/\/vizaromania.ro\/en\/wp-json\/wp\/v2\/pages\/1180"}],"collection":[{"href":"https:\/\/vizaromania.ro\/en\/wp-json\/wp\/v2\/pages"}],"about":[{"href":"https:\/\/vizaromania.ro\/en\/wp-json\/wp\/v2\/types\/page"}],"author":[{"embeddable":true,"href":"https:\/\/vizaromania.ro\/en\/wp-json\/wp\/v2\/users\/1"}],"replies":[{"embeddable":true,"href":"https:\/\/vizaromania.ro\/en\/wp-json\/wp\/v2\/comments?post=1180"}],"version-history":[{"count":2,"href":"https:\/\/vizaromania.ro\/en\/wp-json\/wp\/v2\/pages\/1180\/revisions"}],"predecessor-version":[{"id":1186,"href":"https:\/\/vizaromania.ro\/en\/wp-json\/wp\/v2\/pages\/1180\/revisions\/1186"}],"wp:attachment":[{"href":"https:\/\/vizaromania.ro\/en\/wp-json\/wp\/v2\/media?parent=1180"}],"curies":[{"name":"wp","href":"https:\/\/api.w.org\/{rel}","templated":true}]}}