{"id":1188,"date":"2024-07-02T10:25:39","date_gmt":"2024-07-02T10:25:39","guid":{"rendered":"https:\/\/vizaromania.ro\/?page_id=1188"},"modified":"2024-07-02T10:25:39","modified_gmt":"2024-07-02T10:25:39","slug":"politica-cookies","status":"publish","type":"page","link":"https:\/\/vizaromania.ro\/en\/politica-cookies\/","title":{"rendered":"Politica Cookies"},"content":{"rendered":"<h2 class=\"wp-block-heading\">V\u0103 rug\u0103m sa citi\u0163i cu aten\u0163ie informa\u0163iile care urmeaz\u0103:<\/h2>\n\n\n\n<p>Acest website folose\u0219te at\u00e2t cookie-uri proprii, c\u00e2t \u015fi de la ter\u021bi, pentru a furniza vizitatorilor o experien\u021b\u0103 mult mai bun\u0103 de navigare \u015fi servicii adaptate nevoilor \u015fi interesului fiec\u0103ruia.<\/p>\n\n\n\n<p>www.vizaromania.ro\u00a0 este operat de societatea Best Smart Consulting S.R.L. (denumit\u0103 \u00een\u00a0continuare \u201eSocietatea\u201d). Acest document este conceput pentru a v\u0103 informa \u00een leg\u0103tur\u0103 cu practicile noastre \u00een\u00a0ceea ce prive\u0219te colectarea de date de la dumneavoastr\u0103 atunci c\u00e2nd vizita\u0163i website\u2013ul nostru, prin intermediul\u00a0cookie-urilor.<\/p>\n\n\n\n<p>Pentru a respecta prevederile legale aplicabile privind prelucrarea datelor cu caracter personal \u0219i protejarea&nbsp;confiden\u021bialit\u0103\u021bii \u00een sectorul comunica\u021biilor publice, \u00eenainte de a se transmite cookies \u00een dipozitivele tuturor<br>vizitatorilor website\u2013ului nostru, proced\u0103m dup\u0103 cum urmeaz\u0103:<\/p>\n\n\n\n<ul>\n<li>oferim informa\u021bii clare, complete \u0219i accesibile despre cookie\u2013urile existente pe acest website, cu un nivel<br>adecvat de informare, ce corespunde caracterului intruziv al fiec\u0103rui cookie;<\/li>\n\n\n\n<li>lu\u0103m toate m\u0103surile necesare astfel \u00eenc\u00e2t vizitatorii website\u2013ului nostru s\u0103 aib\u0103 posibilitatea de a\u2013\u0219i exprima<br>consim\u021b\u0103m\u00e2ntul \u00een mod valid, conform prevederilor legale aplicabile.<\/li>\n<\/ul>\n\n\n\n<p>Anumite tipuri de cookie\u2013uri, precum cele utilizate atunci c\u00e2nd se \u00eendeplinesc opera\u021biuni exclusiv \u00een scopul&nbsp;efectu\u0103rii transmisiei unei comunic\u0103ri printr\u2013o re\u021bea de comunica\u021bii electronice \u0219i atunci c\u00e2nd opera\u021biunile&nbsp;sunt strict necesare \u00een vederea furniz\u0103rii unui serviciu al societ\u0103\u021bii informa\u021bionale, solicitat \u00een mod expres de&nbsp;c\u0103tre abonat sau utilizator, pot face excep\u0163ie conform prevederilor legale de la ob\u021binerea consim\u021b\u0103m\u00e2ntului&nbsp;vizitatorilor website\u2013ului \u0219i, dac\u0103 ne afl\u0103m \u00eentr\u2013o astfel de situa\u021bie, consim\u021b\u0103m\u00e2ntul dumneavoastr\u0103 nu va fi&nbsp;solicitat pentru aceste cookie-uri.<\/p>\n\n\n\n<h2 class=\"wp-block-heading\">Ce este un \u201ecookie\u201d?<\/h2>\n\n\n\n<p>Un \u201eInternet Cookie\u201d (termen cunoscut \u015fi ca \u201ebrowser cookie\u201d, \u201eHTTP cookie\u201d sau pur \u015fi simplu \u201ecookie\u201d) este un fi\u0219ier de mici dimensiuni, format din litere \u015fi cifre, care va fi stocat pe computerul, terminalul mobil sau alte echipamente ale unui utilizator de pe care se acceseaz\u0103 Internetul. Cookie-ul este instalat prin solicitarea emis\u0103 de c\u0103tre un web-server unui browser (ex: Internet Explorer, Chrome) \u015fi este complet \u201epasiv\u201d (nu con\u021bine programe software, viru\u0219i sau spyware si nu poate accesa informa\u021biile de pe hard driveul utilizatorului).<\/p>\n\n\n\n<h2 class=\"wp-block-heading\">Scopul \u0219i utilizarea modulelor cookie<\/h2>\n\n\n\n<p>Site-ul www.vizaromania.ro instaleaz\u0103 module cookie doar pentru a permite \u00eembun\u0103t\u0103\u021birea func\u021biilor oferite, astfel \u00eenc\u00e2t experien\u021ba ocazionat\u0103 de vizitarea site-ului s\u0103 devin\u0103 mai pl\u0103cut\u0103. Viza Romania detinut de Best Smart Consulting SRL nu utilizeaz\u0103 module cookie pentru a culege, a prelucra, a difuza sau a \u00eenregistra date cu caracter personal.<\/p>\n\n\n\n<p>\u201eCookie\u201d-urile joac\u0103 un rol important \u00een facilitarea accesului \u015fi livr\u0103rii multiplelor servicii de care utilizatorul se bucur\u0103 pe Internet, cum ar fi:<\/p>\n\n\n\n<p><strong>Personalizarea anumitor set\u0103ri precum:<\/strong><\/p>\n\n\n\n<p>\u2013 limba \u00een care este vizualizat un site;<\/p>\n\n\n\n<p>\u2013 moneda \u00een care se exprim\u0103 anumite pre\u021buri sau tarife;<\/p>\n\n\n\n<p>\u2013 p\u0103strarea op\u0163iunilor pentru diverse produse (m\u0103suri, alte detalii etc.) \u00een co\u015ful de cump\u0103r\u0103turi (\u015fi memorarea acestor op\u0163iuni) \u2013 gener\u00e2ndu-se astfel flexibilitatea \u201eco\u015fului de cump\u0103r\u0103turi\u201d;<\/p>\n\n\n\n<p>\u2013 accesarea preferin\u021belor vechi prin accesarea butonului \u201e\u00cenainte\u201d \u015fi \u201e\u00cenapoi\u201d.<\/p>\n\n\n\n<p><strong>Cookie-urile ofer\u0103 de\u021bin\u0103torilor de site-uri feedback asupra modului cum sunt utilizate<\/strong>&nbsp;site-urile lor de c\u0103tre utilizatori, astfel \u00eenc\u00e2t s\u0103 le poat\u0103 face \u015fi mai eficiente \u015fi mai accesibile pentru utilizatori;<br><strong>Permit aplica\u021biilor multimedia sau de alt tip de pe alte site-uri<\/strong>&nbsp;s\u0103 fie incluse \u00eentr-un anumit site pentru a crea o experien\u021b\u0103 de navigare mai valoroas\u0103, mai util\u0103 \u015fi mai pl\u0103cut\u0103;<br><strong>\u00cembun\u0103t\u0103\u021besc eficien\u021ba publicit\u0103\u021bii online.<\/strong><\/p>\n\n\n\n<h2 class=\"wp-block-heading\">Care sunt avantajele cookie-urilor?<\/h2>\n\n\n\n<p>Un cookie con\u021bine informa\u021bii care fac leg\u0103tura \u00eentre un web-browser (utilizator) \u015fi un web-server anume (website-ul). Dac\u0103 un browser acceseaz\u0103 acel web-server din nou, acesta poate citi informa\u021bia deja stocat\u0103 \u015fi reac\u0163iona \u00een consecin\u0163\u0103. Cookie-urile asigur\u0103 utilizatorilor o experien\u021b\u0103 pl\u0103cut\u0103 de navigare \u015fi sus\u0163in eforturile multor website-uri pentru a oferi servicii confortabile utilizatorilor: ex \u2013 preferin\u0163ele \u00een materie de confiden\u0163ialitate online, op\u0163iunile privind limba site-ului, co\u015furi de cump\u0103r\u0103turi sau publicitate relevant\u0103.<\/p>\n\n\n\n<h2 class=\"wp-block-heading\">Care este durata de via\u0163\u0103 a unui cookie?<\/h2>\n\n\n\n<p>Cookie-urile sunt administrate de webservere. Durata de via\u0163\u0103 a unui cookie poate varia semnificativ, depinz\u00e2nd de scopul pentru care este plasat. Unele cookie-uri sunt folosite exclusiv pentru o singur\u0103 sesiune (session cookies) \u015fi nu mai sunt re\u0163inute, odat\u0103 ce utilizatorul a p\u0103r\u0103sit website-ul, \u00een timp ce alte cookie-uri sunt re\u0163inute \u015fi refolosite de fiecare dat\u0103 c\u00e2nd utilizatorul revine pe acel website (\u2018cookie-uri persistente\u2019). Cu toate acestea, cookie-urile pot fi \u015fterse de un utilizator \u00een orice moment prin intermediul set\u0103rilor browserului.<\/p>\n\n\n\n<h2 class=\"wp-block-heading\">Ce sunt cookie-urile plasate de ter\u0163i?<\/h2>\n\n\n\n<p>Anumite sec\u0163iuni de con\u0163inut de pe unele site-uri pot fi furnizate prin intermediul unor ter\u0163e p\u0103r\u0163i \/ furnizori (ex.: news-box, un video sau o reclam\u0103). Aceste ter\u0163e p\u0103r\u0163i pot plasa cookie-uri prin intermediul altui website \u015fi ele se numesc \u201ethird party cookies\u201d pentru c\u0103 nu sunt plasate de proprietarul website-ului respectiv. Furnizorii ter\u0163i trebuie s\u0103 respecte de asemenea legea \u00een vigoare \u015fi politicile de confiden\u0163ialitate ale de\u0163in\u0103torului site-ului.<\/p>\n\n\n\n<p>Aceste cookie-uri pot proveni de la urm\u0103torii ter\u0163i: facebook.com, twitter.com, google.com etc.<\/p>\n\n\n\n<h2 class=\"wp-block-heading\">Cum sunt folosite cookie-urile de c\u0103tre website?<\/h2>\n\n\n\n<p>O vizit\u0103 pe website poate plasa cookie-uri \u00een scopuri de:<\/p>\n\n\n\n<ul>\n<li>cre\u015ftere a performan\u0163ei website-ului;<\/li>\n\n\n\n<li>analiz\u0103 a vizitatorilor;<\/li>\n\n\n\n<li>geotargetting;<\/li>\n\n\n\n<li>\u00eenregistrare a utilizatorilor.<\/li>\n<\/ul>\n\n\n\n<p>Alte cookie-uri ale ter\u0163elor p\u0103r\u0163i<\/p>\n\n\n\n<p>Pe unele pagini, ter\u0163ii pot seta propriile cookie-uri anonime, \u00een scopul de a urm\u0103ri succesul unei aplica\u0163ii sau pentru a particulariza o aplica\u0163ie. Datorit\u0103 modului de utilizare, website-ul nu poate accesa aceste cookie-uri, la fel cum ter\u0163ele p\u0103r\u0163i nu pot accesa cookie-urile de\u0163inute de respectivul website. De exemplu, c\u00e2nd utilizatorul distribuie un articol folosind butonul pentru re\u0163elele sociale aflat pe un website, acea re\u0163ea social\u0103 va \u00eenregistra activitatea utiliatorului, nu website-ul pe care se afl\u0103 butonul.<\/p>\n\n\n\n<h2 class=\"wp-block-heading\">Ce tip de informa\u0163ii sunt stocate \u015fi accesate prin intermediul cookie-urilor?<\/h2>\n\n\n\n<p>Cookie-urile p\u0103streaz\u0103 informa\u0163ii \u00eentr-un fi\u015fier text de mici dimensiuni, care permit unui website s\u0103 recunoasc\u0103 un browser. Web-serverul va recunoa\u015fte browserul, p\u00e2n\u0103 c\u00e2nd cookie-ul expir\u0103 sau este \u015fters. Cookie-ul stocheaz\u0103 informa\u0163ii importante, care \u00eembun\u0103t\u0103\u0163esc experien\u0163a de navigare pe Internet, de exemplu:<\/p>\n\n\n\n<ul>\n<li>set\u0103rile limbii \u00een care se dore\u015fte accesarea unui site;<\/li>\n\n\n\n<li>p\u0103strarea unui utilizator logat \u00een contul de webmail;<\/li>\n\n\n\n<li>securitatea online banking;<\/li>\n\n\n\n<li>p\u0103strarea produselor \u00een co\u015ful de cump\u0103r\u0103turi.<\/li>\n<\/ul>\n\n\n\n<h2 class=\"wp-block-heading\">Securitate \u0219i probleme legate de confiden\u021bialitate<\/h2>\n\n\n\n<p>Cookie-urile&nbsp;<strong>NU<\/strong>&nbsp;sunt viru\u015fi! Ele folosesc formate tip plain text. Nu sunt alc\u0103tuite din buc\u0103\u0163i de cod, a\u015fa c\u0103 nu pot fi executate, nici nu pot rula \u00een mod automat. \u00cen consecin\u0163\u0103, nu se pot duplica sau replica pe alte re\u0163ele pentru a rula sau a se replica din nou. Deoarece nu pot \u00eendeplini aceste func\u0163ii, nu pot fi considerate viru\u015fi. Cookie-urile pot fi, totu\u015fi, folosite pentru scopuri negative. Deoarece stocheaz\u0103 informa\u0163ii despre preferin\u0163ele \u015fi istoricul de navigare al utilizatorilor, at\u00e2t pe un anume website c\u00e2t \u015fi pe alte website-uri, cookie-urile pot fi folosite ca o form\u0103 de Spyware. Multe produse anti-spyware sunt con\u015ftiente de acest fapt \u015fi, \u00een mod constant, marcheaz\u0103 cookie-urile pentru a fi \u015fterse, \u00een cadrul procedurilor de \u015ftergere\/scanare anti-virus\/anti-spyware. \u00cen general, browserele au integrate reglaje de confiden\u0163ialitate, care furnizeaz\u0103 diferite nivele de acceptare a cookie-urilor, perioada de valabilitate \u015fi \u015ftergere automat\u0103 dup\u0103 ce utilizatorul a vizitat un anumit site.<\/p>\n\n\n\n<h2 class=\"wp-block-heading\">Cum proceda\u021bi dac\u0103 nu dori\u021bi s\u0103 fie instalate module cookie pe computerul dumneavoastr\u0103?<\/h2>\n\n\n\n<p>Exist\u0103 persoane pentru care stocarea unor informa\u021bii extrase din computerul sau dispozitivul lor mobil are un caracter relativ invaziv, mai ales atunci c\u00e2nd informa\u021biile \u00een cauz\u0103 sunt stocate \u0219i utilizate de c\u0103tre ter\u021bi care le sunt necunoscu\u021bi. Dac\u0103 prefera\u021bi, ave\u021bi posibilitatea de a bloca toate modulele cookie sau doar pe unele dintre acestea ori chiar de a elimina module cookie care au fost instalate pe terminalul dumneavoastr\u0103. Fi\u021bi \u00eens\u0103 con\u0219tient de faptul c\u0103 risca\u021bi s\u0103 nu pute\u021bi utiliza anumite func\u021bii. Pentru a activa acest blocaj, trebuie s\u0103 modifica\u021bi parametrii de confiden\u021bialitate ai browserului. Unii operatori ter\u021bi au elaborat instrumente ale c\u0103ror module permit s\u0103 se dezactiveze culegerea \u0219i utilizarea datelor. Dezactivarea \u015fi refuzul de a primi cookie-uri pot face anumite site-uri impracticabile sau dificil de vizitat \u015fi folosit. De asemenea, refuzul de a accepta cookie-uri nu \u00eenseamn\u0103 c\u0103 utilizatorul nu va mai primi \/ vedea publicitate online. Este posibil\u0103 reglarea din browser pentru ca aceste cookie-uri s\u0103 nu mai fie acceptate, sau se poate regla browserul s\u0103 accepte cookie-uri de la un anumit website. Dar, de exemplu, daca un utilizator nu este \u00eenregistat folosind cookie-urile, nu va putea l\u0103sa comentarii. Toate browserele moderne ofer\u0103 posibilitatea de a schimba reglajele cookie-urilor.<\/p>\n\n\n\n<p>Aceste reglaje se g\u0103sesc, de regul\u0103, \u00een meniurile (butoanele) \u201eOp\u0163iuni\u201d, \u201eReglaje\u201d sau \u201ePreferin\u0163e\u201d ale browserului.<\/p>\n\n\n\n<h3 class=\"wp-block-heading\">Pentru orice intrebari\/nelamuriri, ne puteti contacta la adresa de email:\u00a0<strong>contact@<\/strong>vizaromania.ro\u00a0sau la numarul de telefon:\u00a0<strong>0743 139 <\/strong>378<\/h3>","protected":false},"excerpt":{"rendered":"<p>V\u0103 rug\u0103m sa citi\u0163i cu aten\u0163ie informa\u0163iile care urmeaz\u0103: Acest website folose\u0219te at\u00e2t cookie-uri proprii, c\u00e2t \u015fi de la ter\u021bi, pentru a furniza vizitatorilor o experien\u021b\u0103 mult mai bun\u0103 de navigare \u015fi servicii adaptate nevoilor \u015fi interesului fiec\u0103ruia. www.vizaromania.ro\u00a0 este operat de societatea Best Smart Consulting S.R.L. (denumit\u0103 \u00een\u00a0continuare \u201eSocietatea\u201d). Acest document este conceput pentru&#8230;<\/p>","protected":false},"author":1,"featured_media":0,"parent":0,"menu_order":0,"comment_status":"closed","ping_status":"closed","template":"","meta":{"_kad_blocks_custom_css":"","_kad_blocks_head_custom_js":"","_kad_blocks_body_custom_js":"","_kad_blocks_footer_custom_js":"","_kadence_starter_templates_imported_post":false,"_kad_post_transparent":"","_kad_post_title":"","_kad_post_layout":"","_kad_post_sidebar_id":"","_kad_post_content_style":"","_kad_post_vertical_padding":"","_kad_post_feature":"","_kad_post_feature_position":"","_kad_post_header":false,"_kad_post_footer":false,"footnotes":""},"taxonomy_info":[],"featured_image_src_large":false,"author_info":{"display_name":"vizaromania","author_link":"https:\/\/vizaromania.ro\/en\/author\/vizaromania\/"},"comment_info":"","_links":{"self":[{"href":"https:\/\/vizaromania.ro\/en\/wp-json\/wp\/v2\/pages\/1188"}],"collection":[{"href":"https:\/\/vizaromania.ro\/en\/wp-json\/wp\/v2\/pages"}],"about":[{"href":"https:\/\/vizaromania.ro\/en\/wp-json\/wp\/v2\/types\/page"}],"author":[{"embeddable":true,"href":"https:\/\/vizaromania.ro\/en\/wp-json\/wp\/v2\/users\/1"}],"replies":[{"embeddable":true,"href":"https:\/\/vizaromania.ro\/en\/wp-json\/wp\/v2\/comments?post=1188"}],"version-history":[{"count":1,"href":"https:\/\/vizaromania.ro\/en\/wp-json\/wp\/v2\/pages\/1188\/revisions"}],"predecessor-version":[{"id":1189,"href":"https:\/\/vizaromania.ro\/en\/wp-json\/wp\/v2\/pages\/1188\/revisions\/1189"}],"wp:attachment":[{"href":"https:\/\/vizaromania.ro\/en\/wp-json\/wp\/v2\/media?parent=1188"}],"curies":[{"name":"wp","href":"https:\/\/api.w.org\/{rel}","templated":true}]}}